{"id":513,"date":"2021-12-01T12:10:47","date_gmt":"2021-12-01T11:10:47","guid":{"rendered":"https:\/\/cedecsmart.com\/politica-de-privacitat\/"},"modified":"2022-07-13T10:23:31","modified_gmt":"2022-07-13T08:23:31","slug":"politica-de-privacitat-i-cookies","status":"publish","type":"page","link":"https:\/\/cedecsmart.com\/ca\/politica-de-privacitat-i-cookies\/","title":{"rendered":"Pol\u00edtica de Privacitat i Cookies"},"content":{"rendered":"\n<p><strong>1. Responsable<\/strong><\/p>\n\n\n\n<p>A continuaci\u00f3 s&#8217;identifica al responsable del tractament de les dades recaptades per mitj\u00e0 d&#8217;aquest Lloc web:\r\n<\/p>\n\n\n\n<p>CEDEC SMART S.L.U (D\u2019ara endavant, \u201cCEDEC SMART\u201d)<\/p>\n\n\n\n<p>Cuatro Torres Business Area (CTBA) &#8211; Torre de Cristal, Paseo de la Castellana, 259C -Planta 18 &#8211; 28046 MADRID. \r\n<\/p>\n\n\n\n<p><a href=\"mailto:info@cedecsmart.es\">info@cedecsmart.es<\/a><\/p>\n\n\n\n<p>tel.: 917 937 930<\/p>\n\n\n\n<p><strong>2. Finalitat<\/strong><\/p>\n\n\n\n<p>Les dades personals de l&#8217;Usuari d&#8217;aquest Lloc web es tractaran per a les seg\u00fcents finalitats:\r\n<\/p>\n\n\n\n<p>1. Possibilitar l&#8217;\u00fas de les funcionalitats posades a la seva disposici\u00f3 al Lloc web, aix\u00ed com l&#8217;atenci\u00f3 a les sol\u00b7licituds que l&#8217;usuari dirigeixi a CEDEC SMART. Les dades tractades amb aquesta finalitat es conservaran fins al moment en el qual l&#8217;usuari retiri el seu consentiment per a la comunicaci\u00f3 de les seves dades, o exerceixi el dret de supressi\u00f3.\r\n<\/p>\n\n\n\n<p>2. Mantenir informat a l&#8217;usuari, fins i tot per mitjans electr\u00f2nics, sobre els productes, serveis i novetats de CEDEC SMART i la resta d&#8217;empreses pertanyents al Grup CEDEC. Aquesta finalitat inclou la subscripci\u00f3 a la newsletter de CEDEC SMART.\r\n<\/p>\n\n\n\n<p>Les dades tractades amb aquesta finalitat es conservaran fins al moment en qu\u00e8 l&#8217;usuari retiri el seu consentiment per a la recepci\u00f3 d&#8217;aquestes comunicacions, o exerceixi el dret de supressi\u00f3.\r\n<\/p>\n\n\n\n<p>3. Comunicar les dades dels usuaris a la resta d&#8217;empreses pertanyents al Grup CEDEC, perqu\u00e8 puguin mantenir informat al Client, fins i tot per mitjans electr\u00f2nics, sobre els seus productes, serveis i novetats. Les dades tractades amb aquesta finalitat es conservaran fins al moment en el qual l&#8217;usuari retiri el seu consentiment per a la comunicaci\u00f3 de les seves dades, o exerceixi el dret de supressi\u00f3.\r\n<\/p>\n\n\n\n<p>4. En cas que l&#8217;usuari envi\u00ef les seves dades a trav\u00e9s de l&#8217;apartat \u201cCarrera\u201d existent en el Lloc web, s&#8217;incorporaran a una base de dades per a, donat el cas, poder oferir a l&#8217;usuari un lloc de treball a CEDEC SMART. Totes les dades recaptades per mitj\u00e0 d&#8217;aquest apartat es comunicaran tamb\u00e9 a la resta d&#8217;empreses pertanyents al Grup CEDEC amb id\u00e8ntica finalitat. Les dades tractades amb aquesta finalitat es conservaran durant un termini m\u00e0xim de 3 anys, despr\u00e9s del qual seran suprimits.\r\n<\/p>\n\n\n\n<p><strong>3. Legitimaci\u00f3<\/strong><\/p>\n\n\n\n<p>La base jur\u00eddica per a dur a terme els tractaments de dades especificades en l&#8217;apartat anterior \u00e9s la seg\u00fcent:\r\n<\/p>\n\n\n\n<p>Execuci\u00f3 de les funcionalitats ofertes al Lloc web. En el cas de sol\u00b7licituds efectuades per un usuari que no mantingui una relaci\u00f3 contractual amb CEDEC SMART, la base jur\u00eddica \u00e9s el consentiment de l&#8217;usuari impl\u00edcit en la seva sol\u00b7licitud a l&#8217;efecte de que CEDEC SMART pugui atendre-la.\r\n<\/p>\n\n\n\n<p>El consentiment de l&#8217;usuari donat per la recepci\u00f3 d&#8217;aquestes comunicacions.<\/p>\n\n\n\n<p>El consentiment de l&#8217;usuari donat per la comunicaci\u00f3 de les seves dades.<\/p>\n\n\n\n<p>El consentiment de l&#8217;usuari donat pel tractament i la comunicaci\u00f3 de les seves dades.\r\n<\/p>\n\n\n\n<p><strong>4. Destinataris<\/strong><\/p>\n\n\n\n<p>De conformitat amb el que es preveu en les finalitats de tractament 3a i 4a, les dades de l&#8217;usuari es comunicaran a la resta d&#8217;empreses pertanyents al Grup CEDEC, les quals poden consultar-se a www.cedecsmart.com\r\n<\/p>\n\n\n\n<p><strong>5. Drets<\/strong><\/p>\n\n\n\n<p>L&#8217;usuari pot exercir davant de CEDEC SMART els seg\u00fcents drets relacionats amb les seves dades personals: Acc\u00e9s; Rectificaci\u00f3; Supressi\u00f3; Limitaci\u00f3 del tractament; Portabilitat de les dades i Oposici\u00f3.\r\n<\/p>\n\n\n\n<p>De la mateixa manera, en els tractaments de les dades de l&#8217;usuari, la legitimaci\u00f3 dels quals es basa en el consentiment donat per l&#8217;usuari, aquest t\u00e9 el dret a retirar aquest consentiment en qualsevol moment, sense que aix\u00f2 afecti la licitud del tractament basat en el consentiment previ a la seva retirada.\r\n<\/p>\n\n\n\n<p>Per a l&#8217;exercici de tals drets, l&#8217;usuari pot enviar la seva sol\u00b7licitud a CEDEC SMART, Cuatro Torres Business Area (CTBA) &#8211; Torre de Cristal, Paseo de la Castellana, 259C -Planta 18 &#8211; 28046 MADRID; o a l&#8217;adre\u00e7a de correu electr\u00f2nic info@cedecsmart.es En tot cas, l&#8217;usuari t\u00e9 dret a presentar una reclamaci\u00f3 davant la corresponent autoritat de control si ho estima oport\u00fa.\r\n<\/p>\n\n\n\n<p><strong>6. \u00das de cookies<\/strong><\/p>\n\n\n\n<p>En aquest lloc web utilitzem cookies de tercers per millorar els nostres serveis mitjan\u00e7ant l&#8217;an\u00e0lisi de la navegaci\u00f3 de l&#8217;usuari. Si continua navegant, considerem que accepta el seu \u00fas.\r\n<\/p>\n\n\n\n<p>A l&#8217;efecte d&#8217;aquesta pol\u00edtica de privacitat i cookies, &#8220;continuar navegant&#8221; vol dir fer clic a qualsevol bot\u00f3, casella de verificaci\u00f3 o enlla\u00e7 del lloc web, descarregar qualsevol contingut d&#8217;aquest o fer scroll.\r\n<\/p>\n\n\n\n<p>6.1. \u00bfQu\u00e8 es una cookie?<\/p>\n\n\n\n<p>Una cookie \u00e9s un fitxer que es descarrega a l&#8217;ordinador de l&#8217;usuari quan accedeix a determinats llocs web, com per exemple, aquest. Les cookies permeten a aquests llocs web, entre d\u2019altres coses, emmagatzemar i recuperar informaci\u00f3 sobre els h\u00e0bits de navegaci\u00f3 de l&#8217;usuari o els del seu equip i, depenent de la informaci\u00f3 que continguin i de la forma en qu\u00e8 utilitzi el seu equip, es poden utilitzar per recon\u00e8ixer a l&#8217;usuari.\r\n<\/p>\n\n\n\n<p><strong>PROPIAS:<\/strong><\/p>\n\n\n\n<figure class=\"wp-block-table\"><table><tbody><tr><td>Nombre de cookie<\/td><td>Finalidad<\/td><td>Duraci\u00f3n<\/td><\/tr><tr><td>PHPSESSID<\/td><td>Esta cookie es usado por el lenguaje de encriptado PHP para permitir que las variables de SESI\u00d3N sean guardadas en el servidor web.<\/td><td>Sesi\u00f3n<\/td><\/tr><tr><td>moove_gdpr_popup<\/td><td>Cookies de uso interno necesaria para el funcionamiento de la visualizaci\u00f3n de la pol\u00edtica de cookies de la web.<\/td><td>Sesi\u00f3n<\/td><\/tr><tr><td>tk_ai<\/td><td>Esta cookie almacena un ID an\u00f3nimo generada de forma aleatoria. Esto s\u00f3lo se utiliza en el escritorio de WordPress (\/ wp-admin) y se utiliza para el seguimiento del uso, si est\u00e1 habilitado.<\/td><td>Sesi\u00f3n<\/td><\/tr><tr><td>wordpress_logged_in_<\/td><td>Cookie de WordPress para un usuario que ha hecho inicio de sesi\u00f3n.<\/td><td>Sesi\u00f3n<\/td><\/tr><tr><td>wordpress_sec_<\/td><td>Estas cookies nos ayudan a mantenerte conectado a nuestro sitio.<\/td><td>Sesi\u00f3n<\/td><\/tr><tr><td>wordpress_test_cookie<\/td><td>Esta cookie se usa para que el gestor de contenidos WordPress compruebe si el navegador tiene las cookies activadas.<\/td><td>Sesi\u00f3n<\/td><\/tr><tr><td>wp-settings-time-*<\/td><td>Esta cookie se utiliza para personalizar el interfaz de usuario.<\/td><td>1 a\u00f1o<\/td><\/tr><tr><td>wp-settings-*<\/td><td>Esta cookie se utiliza para personalizar el interfaz de usuario.<\/td><td>1 a\u00f1o<\/td><\/tr><tr><td>wp-wpml_current_language<\/td><td>Esta cookie almacena el idioma del usuario para poder servirle el contenido de la web en el idioma adecuado.<\/td><td>Sesi\u00f3n<\/td><\/tr><tr><td>wp-wpml_current_admin_language_<\/td><td>Esta cookie almacena el idioma predeterminado para el usuario administrador del sitio.<\/td><td>Sesi\u00f3n<\/td><\/tr><\/tbody><\/table><\/figure>\n\n\n\n<p><strong>TERCEROS:<\/strong><\/p>\n\n\n\n<figure class=\"wp-block-table\"><table><tbody><tr><td>Nombre de cookie<\/td><td>Finalidad<\/td><td>Duraci\u00f3n<\/td><\/tr><tr><td>mp_*_mixpanel<\/td><td>Mixpanel Analytics establece esta cookie y nos ayuda a comprender c\u00f3mo las personas usan el sitio para que podamos mejorar la experiencia.<\/td><td>Sesi\u00f3n<\/td><\/tr><tr><td>_ga<\/td><td>Es una cookie de google analytics que utiliza un identificador an\u00f3nimo para distinguir usuarios an\u00f3nimos. Esta cookie realiza an\u00e1lisis sobre las interacciones de los usuarios, con el fin de optimizar los servicios que ofrecen. Tiene una duraci\u00f3n de dos a\u00f1os.<\/td><td>2 A\u00f1os<\/td><\/tr><tr><td>_gat<\/td><td>Es una cookie de google analytics que se utiliza para diferenciar entre los diferentes objetos de seguimiento creados en la sesi\u00f3n. La cookie caduca a los diez minutos y se actualiza cada vez que env\u00eda los datos a Google Analytics. Se elimina al cerrar el navegador.Si se ha implementado Google Analytics mediante Google Tag Manager, esta cookie se llamar\u00e1 _dc_gtm_.<\/td><td>1 minuto<\/td><\/tr><tr><td>_gid<\/td><td>Es una cookie de google analytics que se utiliza para distinguir a los usuarios.Tiene una duraci\u00f3n de 24 horas.<\/td><td>24 horas<\/td><\/tr><tr><td>_gcl_au<\/td><td>Utilizado por Google AdSense para experimentar con la eficiencia publicitaria en los sitios web que utilizan sus servicios. Es la cookie de origen para la funcionalidad de \u201cConversion Linker\u201d: toma informaci\u00f3n en clics de anuncios y la almacena en una cookie de origen para que las conversiones puedan atribuirse fuera La p\u00e1gina de aterrizaje.<\/td><td>3 meses<\/td><\/tr><tr><td>NID<\/td><td>Cookie de Google Analytics. Permiten personalizar c\u00f3mo se ven anuncios fuera de Google o almacenar informaci\u00f3n como el idioma preferido a la hora de mostrar resultados de b\u00fasqueda.<\/td><td>6 meses<\/td><\/tr><tr><td>_gat_gtag_UA_<\/td><td>Esta cookie de Google Analytics es de an\u00e1lisis y sirve para medir como los usuarios interact\u00faan con nuestra p\u00e1gina web.<\/td><td>Sesi\u00f3n<\/td><\/tr><\/tbody><\/table><\/figure>\n\n\n\n<p>En caso de que desees con posterioridad eliminar las cookies que se hayan almacenado en tu ordenador y que necesariamente precisen de tu consentimiento, podr\u00e1s hacerlo usando las herramientas que te proporcione tu navegador a dichos efectos. En este sentido, dependiendo de tu navegador, en los siguientes enlaces se detalla el procedimiento para desactivar las cookies:<\/p>\n\n\n\n<ul class=\"wp-block-list\"><li>Google Chrome:&nbsp;<a href=\"https:\/\/support.google.com\/chrome\/answer\/95647?hl=es-ES\" target=\"_blank\" rel=\"noreferrer noopener\">https:\/\/support.google.com\/chrome\/answer\/95647?hl=es-ES<\/a><\/li><li>Mozilla Firefox (para PC y Mac):&nbsp;<a href=\"https:\/\/support.mozilla.org\/es\/kb\/cookies-informacion-que-los-sitios-web-guardan-en-\" target=\"_blank\" rel=\"noreferrer noopener\">https:\/\/support.mozilla.org\/es\/kb\/cookies-informacion-que-los-sitios-web-guardan-en-<\/a><\/li><li>IE 6+:&nbsp;<a href=\"http:\/\/windows.microsoft.com\/es-es\/internet-explorer\/delete-manage-cookies#ie=ie-10-win-7\" target=\"_blank\" rel=\"noreferrer noopener\">http:\/\/windows.microsoft.com\/es-es\/internet-explorer\/delete-manage-cookies#ie=ie-10-win-7<\/a><\/li><li>Apple Safari \u2013 IOS:&nbsp;<a href=\"https:\/\/support.apple.com\/es-es\/HT1677\" target=\"_blank\" rel=\"noreferrer noopener\">https:\/\/support.apple.com\/es-es\/HT1677<\/a><\/li><li>ANDROID:&nbsp;<a href=\"https:\/\/support.google.com\/chrome\/answer\/2392971?hl=es\" target=\"_blank\" rel=\"noreferrer noopener\">https:\/\/support.google.com\/chrome\/answer\/2392971?hl=es<\/a><\/li><\/ul>\n","protected":false},"excerpt":{"rendered":"<p>1. Responsable A continuaci\u00f3 s&#8217;identifica al responsable del tractament de les dades recaptades per mitj\u00e0 d&#8217;aquest Lloc web: CEDEC SMART S.L.U (D\u2019ara endavant, \u201cCEDEC SMART\u201d) Cuatro Torres Business Area (CTBA)&#8230;<\/p>\n","protected":false},"author":1,"featured_media":0,"parent":0,"menu_order":0,"comment_status":"closed","ping_status":"closed","template":"","meta":{"_acf_changed":false,"footnotes":""},"class_list":["post-513","page","type-page","status-publish","hentry"],"acf":[],"_links":{"self":[{"href":"https:\/\/cedecsmart.com\/ca\/wp-json\/wp\/v2\/pages\/513","targetHints":{"allow":["GET"]}}],"collection":[{"href":"https:\/\/cedecsmart.com\/ca\/wp-json\/wp\/v2\/pages"}],"about":[{"href":"https:\/\/cedecsmart.com\/ca\/wp-json\/wp\/v2\/types\/page"}],"author":[{"embeddable":true,"href":"https:\/\/cedecsmart.com\/ca\/wp-json\/wp\/v2\/users\/1"}],"replies":[{"embeddable":true,"href":"https:\/\/cedecsmart.com\/ca\/wp-json\/wp\/v2\/comments?post=513"}],"version-history":[{"count":6,"href":"https:\/\/cedecsmart.com\/ca\/wp-json\/wp\/v2\/pages\/513\/revisions"}],"predecessor-version":[{"id":689,"href":"https:\/\/cedecsmart.com\/ca\/wp-json\/wp\/v2\/pages\/513\/revisions\/689"}],"wp:attachment":[{"href":"https:\/\/cedecsmart.com\/ca\/wp-json\/wp\/v2\/media?parent=513"}],"curies":[{"name":"wp","href":"https:\/\/api.w.org\/{rel}","templated":true}]}}